{"id":3058,"date":"2018-10-11T09:35:23","date_gmt":"2018-10-11T07:35:23","guid":{"rendered":"https:\/\/www.divanhana.ba\/?page_id=3058"},"modified":"2025-11-02T14:27:35","modified_gmt":"2025-11-02T13:27:35","slug":"discography","status":"publish","type":"page","link":"https:\/\/www.divanhana.ba\/en\/discography\/","title":{"rendered":"Discography"},"content":{"rendered":"\t\t<div data-elementor-type=\"wp-post\" data-elementor-id=\"3058\" class=\"elementor elementor-3058 elementor-541\" data-elementor-settings=\"{&quot;ha_cmc_init_switcher&quot;:&quot;no&quot;}\">\n\t\t\t\t\t\t<section class=\"elementor-section elementor-top-section elementor-element elementor-element-92efc79 elementor-section-stretched elementor-section-boxed elementor-section-height-default elementor-section-height-default\" data-id=\"92efc79\" data-element_type=\"section\" data-e-type=\"section\" data-settings=\"{&quot;stretch_section&quot;:&quot;section-stretched&quot;,&quot;background_background&quot;:&quot;classic&quot;,&quot;shape_divider_bottom&quot;:&quot;tilt&quot;,&quot;_ha_eqh_enable&quot;:false}\">\n\t\t\t\t\t\t\t<div class=\"elementor-background-overlay\"><\/div>\n\t\t\t\t\t\t<div class=\"elementor-shape elementor-shape-bottom\" aria-hidden=\"true\" data-negative=\"false\">\n\t\t\t<svg xmlns=\"http:\/\/www.w3.org\/2000\/svg\" viewBox=\"0 0 1000 100\" preserveAspectRatio=\"none\">\n\t<path class=\"elementor-shape-fill\" d=\"M0,6V0h1000v100L0,6z\"\/>\n<\/svg>\t\t<\/div>\n\t\t\t\t\t<div class=\"elementor-container elementor-column-gap-default\">\n\t\t\t\t\t<div class=\"elementor-column elementor-col-100 elementor-top-column elementor-element elementor-element-34a19f4\" data-id=\"34a19f4\" data-element_type=\"column\" data-e-type=\"column\">\n\t\t\t<div class=\"elementor-widget-wrap elementor-element-populated\">\n\t\t\t\t\t\t\t<\/div>\n\t\t<\/div>\n\t\t\t\t\t<\/div>\n\t\t<\/section>\n\t\t\t\t<section class=\"elementor-section elementor-top-section elementor-element elementor-element-7810dfd elementor-section-boxed elementor-section-height-default elementor-section-height-default\" data-id=\"7810dfd\" data-element_type=\"section\" data-e-type=\"section\" data-settings=\"{&quot;_ha_eqh_enable&quot;:false}\">\n\t\t\t\t\t\t<div class=\"elementor-container elementor-column-gap-default\">\n\t\t\t\t\t<div class=\"elementor-column elementor-col-100 elementor-top-column elementor-element elementor-element-acd7ece\" data-id=\"acd7ece\" data-element_type=\"column\" data-e-type=\"column\">\n\t\t\t<div class=\"elementor-widget-wrap elementor-element-populated\">\n\t\t\t\t\t\t<div class=\"elementor-element elementor-element-6c03543 animated-fast elementor-invisible elementor-widget elementor-widget-musico-portfolio-grid\" data-id=\"6c03543\" data-element_type=\"widget\" data-e-type=\"widget\" data-settings=\"{&quot;_animation&quot;:&quot;fadeIn&quot;,&quot;_animation_delay&quot;:250}\" data-widget_type=\"musico-portfolio-grid.default\">\n\t\t\t\t<div class=\"elementor-widget-container\">\n\t\t\t\t\t<div class=\"portfolio_grid_container discography_grid\">\n<div class=\"portfolio_grid_content_wrapper portfolio_grid layout_tg_three_cols \" data-cols=\"3\">\n\t\t<div class=\"portfolio_grid_wrapper tg_three_cols   portfolio-1 tile scale-anm  all no_filter\">\n\t\t\t<div class='article' onclick=\"void(0)\">\n\t\t\t\t<div class='article-preview'>\n\t\t\t\t\t\t\t\t\t\t<div class=\"controls\">\n\t\t\t\t    \t\t\t\t\t\t\t\t\t\t\t\t\t<label class=\"lbl-btn-reset\" data-audio=\"audio_1f4c1ae\" data-link=\"https:\/\/www.divanhana.ba\/en\/discography\/radio-sevdah\/\" data-external=\"\"><span>\n\t\t\t\t\t\t\t<i class=\"fas fa-external-link-alt\"><\/i>\n\t\t\t\t\t\t<\/span><\/label>\n\t\t\t\t\t\t\t\t\t\t\t<\/div>\n\t\t\t  \t<\/div>\n\t\t\t  \t<div class='article-thumbnail' style='background-image: url(https:\/\/www.divanhana.ba\/wp-content\/uploads\/2025\/11\/DIVANHANA-RADIO-SEVDAH-MULTIMEDIA-FRONT-COVER-3000x3000px-1-700x700.jpg)'>\n\t\t\t    <h2>\n\t\t\t      <span><\/span>\n\t\t\t      Radio Sevdah\t\t\t    <\/h2>\n\t\t\t  <\/div>\n\t\t\t<\/div>\n\t\t<\/div>\n\t\t<div class=\"portfolio_grid_wrapper tg_three_cols   portfolio-2 tile scale-anm  all no_filter\">\n\t\t\t<div class='article' onclick=\"void(0)\">\n\t\t\t\t<div class='article-preview'>\n\t\t\t\t\t\t\t\t\t\t<div class=\"controls\">\n\t\t\t\t    \t\t\t\t\t\t\t\t\t\t\t\t\t<label class=\"lbl-btn-reset\" data-audio=\"audio_9539fe4\" data-link=\"https:\/\/www.divanhana.ba\/en\/discography\/zavrzlama\/\" data-external=\"\"><span>\n\t\t\t\t\t\t\t<i class=\"fas fa-external-link-alt\"><\/i>\n\t\t\t\t\t\t<\/span><\/label>\n\t\t\t\t\t\t\t\t\t\t\t<\/div>\n\t\t\t  \t<\/div>\n\t\t\t  \t<div class='article-thumbnail' style='background-image: url(https:\/\/www.divanhana.ba\/wp-content\/uploads\/2022\/02\/DIVANHANA-Zavrzlama-CD-Front-Cover-700x700.jpg)'>\n\t\t\t    <h2>\n\t\t\t      <span><\/span>\n\t\t\t      Zavrzlama\t\t\t    <\/h2>\n\t\t\t  <\/div>\n\t\t\t<\/div>\n\t\t<\/div>\n\t\t<div class=\"portfolio_grid_wrapper tg_three_cols last  portfolio-3 tile scale-anm balkan all no_filter\">\n\t\t\t<div class='article' onclick=\"void(0)\">\n\t\t\t\t<div class='article-preview'>\n\t\t\t\t\t\t\t\t\t\t<div class=\"controls\">\n\t\t\t\t    \t\t\t\t\t\t\t\t\t\t\t\t\t<label class=\"lbl-btn-reset\" data-audio=\"audio_e19bf0f\" data-link=\"https:\/\/www.divanhana.ba\/en\/discography\/kardes\/\" data-external=\"\"><span>\n\t\t\t\t\t\t\t<i class=\"fas fa-external-link-alt\"><\/i>\n\t\t\t\t\t\t<\/span><\/label>\n\t\t\t\t\t\t\t\t\t\t\t<\/div>\n\t\t\t  \t<\/div>\n\t\t\t  \t<div class='article-thumbnail' style='background-image: url(https:\/\/www.divanhana.ba\/wp-content\/uploads\/2019\/02\/DIVANHANA-Suzan-Kardes-700x700.jpg)'>\n\t\t\t    <h2>\n\t\t\t      <span><\/span>\n\t\t\t      Karde\u015f\t\t\t    <\/h2>\n\t\t\t  <\/div>\n\t\t\t<\/div>\n\t\t<\/div>\n\t\t<div class=\"portfolio_grid_wrapper tg_three_cols   portfolio-4 tile scale-anm balkan all no_filter\">\n\t\t\t<div class='article' onclick=\"void(0)\">\n\t\t\t\t<div class='article-preview'>\n\t\t\t\t\t\t\t\t\t\t<div class=\"controls\">\n\t\t\t\t    \t\t\t\t\t\t\t\t\t\t\t\t\t<label class=\"lbl-btn-reset\" data-audio=\"audio_e013d33\" data-link=\"https:\/\/www.divanhana.ba\/en\/discography\/live-in-mostar-balkan-release\/\" data-external=\"\"><span>\n\t\t\t\t\t\t\t<i class=\"fas fa-external-link-alt\"><\/i>\n\t\t\t\t\t\t<\/span><\/label>\n\t\t\t\t\t\t\t\t\t\t\t<\/div>\n\t\t\t  \t<\/div>\n\t\t\t  \t<div class='article-thumbnail' style='background-image: url(https:\/\/www.divanhana.ba\/wp-content\/uploads\/2019\/02\/DIVANHANA-LIVE-IN-MOSTAR-FRONT-700x700.jpg)'>\n\t\t\t    <h2>\n\t\t\t      <span><\/span>\n\t\t\t      Live in Mostar\t\t\t    <\/h2>\n\t\t\t  <\/div>\n\t\t\t<\/div>\n\t\t<\/div>\n\t\t<div class=\"portfolio_grid_wrapper tg_three_cols   portfolio-5 tile scale-anm balkan all no_filter\">\n\t\t\t<div class='article' onclick=\"void(0)\">\n\t\t\t\t<div class='article-preview'>\n\t\t\t\t\t\t\t\t\t\t<div class=\"controls\">\n\t\t\t\t    \t\t\t\t\t\t\t\t\t\t\t\t\t<label class=\"lbl-btn-reset\" data-audio=\"audio_92dd8e4\" data-link=\"https:\/\/www.divanhana.ba\/en\/discography\/zukva-balkan-release\/\" data-external=\"\"><span>\n\t\t\t\t\t\t\t<i class=\"fas fa-external-link-alt\"><\/i>\n\t\t\t\t\t\t<\/span><\/label>\n\t\t\t\t\t\t\t\t\t\t\t<\/div>\n\t\t\t  \t<\/div>\n\t\t\t  \t<div class='article-thumbnail' style='background-image: url(https:\/\/www.divanhana.ba\/wp-content\/uploads\/2019\/02\/02-DIVANHANA-ZUKVA-ARTWORK-700x700.jpg)'>\n\t\t\t    <h2>\n\t\t\t      <span><\/span>\n\t\t\t      Zukva\t\t\t    <\/h2>\n\t\t\t  <\/div>\n\t\t\t<\/div>\n\t\t<\/div>\n\t\t<div class=\"portfolio_grid_wrapper tg_three_cols last  portfolio-6 tile scale-anm balkan all no_filter\">\n\t\t\t<div class='article' onclick=\"void(0)\">\n\t\t\t\t<div class='article-preview'>\n\t\t\t\t\t\t\t\t\t\t<div class=\"controls\">\n\t\t\t\t    \t\t\t\t\t\t\t\t\t\t\t\t\t<label class=\"lbl-btn-reset\" data-audio=\"audio_54c3f3c\" data-link=\"https:\/\/www.divanhana.ba\/en\/discography\/biljeske-iz-sestice\/\" data-external=\"\"><span>\n\t\t\t\t\t\t\t<i class=\"fas fa-external-link-alt\"><\/i>\n\t\t\t\t\t\t<\/span><\/label>\n\t\t\t\t\t\t\t\t\t\t\t<\/div>\n\t\t\t  \t<\/div>\n\t\t\t  \t<div class='article-thumbnail' style='background-image: url(https:\/\/www.divanhana.ba\/wp-content\/uploads\/2019\/02\/001-DIVANHANA-BILJES\u030cKE-IZ-S\u030cESTICE-ARTWORK-700x700.jpg)'>\n\t\t\t    <h2>\n\t\t\t      <span>Balkan Region Release<\/span>\n\t\t\t      Bilje\u0161ke iz \u0160estice\t\t\t    <\/h2>\n\t\t\t  <\/div>\n\t\t\t<\/div>\n\t\t<\/div>\n\t\t<div class=\"portfolio_grid_wrapper tg_three_cols   portfolio-7 tile scale-anm balkan all no_filter\">\n\t\t\t<div class='article' onclick=\"void(0)\">\n\t\t\t\t<div class='article-preview'>\n\t\t\t\t\t\t\t\t\t\t<div class=\"controls\">\n\t\t\t\t    \t\t\t\t\t\t\t\t\t\t\t\t\t<label class=\"lbl-btn-reset\" data-audio=\"audio_ad8d9f6\" data-link=\"https:\/\/www.divanhana.ba\/en\/discography\/dert-joy\/\" data-external=\"\"><span>\n\t\t\t\t\t\t\t<i class=\"fas fa-external-link-alt\"><\/i>\n\t\t\t\t\t\t<\/span><\/label>\n\t\t\t\t\t\t\t\t\t\t\t<\/div>\n\t\t\t  \t<\/div>\n\t\t\t  \t<div class='article-thumbnail' style='background-image: url(https:\/\/www.divanhana.ba\/wp-content\/uploads\/2019\/02\/004-VANJA-MUHOVIC\u0301-DIVANHANA-DERT-ARTWORK-700x700.jpg)'>\n\t\t\t    <h2>\n\t\t\t      <span>Balkan Region Release<\/span>\n\t\t\t      Dert\t\t\t    <\/h2>\n\t\t\t  <\/div>\n\t\t\t<\/div>\n\t\t<\/div>\n<br class=\"clear\"\/>\n<\/div>\n<\/div>\t\t\t\t<\/div>\n\t\t\t\t<\/div>\n\t\t\t\t\t<\/div>\n\t\t<\/div>\n\t\t\t\t\t<\/div>\n\t\t<\/section>\n\t\t\t\t<\/div>\n\t\t","protected":false},"excerpt":{"rendered":"<p>Radio Sevdah Zavrzlama Karde\u015f Live in Mostar Zukva Balkan Region Release Bilje\u0161ke iz \u0160estice Balkan Region Release Dert<\/p>\n","protected":false},"author":2,"featured_media":0,"parent":0,"menu_order":0,"comment_status":"closed","ping_status":"closed","template":"","meta":{"_eb_attr":"","footnotes":""},"class_list":["post-3058","page","type-page","status-publish","hentry"],"_links":{"self":[{"href":"https:\/\/www.divanhana.ba\/en\/wp-json\/wp\/v2\/pages\/3058","targetHints":{"allow":["GET"]}}],"collection":[{"href":"https:\/\/www.divanhana.ba\/en\/wp-json\/wp\/v2\/pages"}],"about":[{"href":"https:\/\/www.divanhana.ba\/en\/wp-json\/wp\/v2\/types\/page"}],"author":[{"embeddable":true,"href":"https:\/\/www.divanhana.ba\/en\/wp-json\/wp\/v2\/users\/2"}],"replies":[{"embeddable":true,"href":"https:\/\/www.divanhana.ba\/en\/wp-json\/wp\/v2\/comments?post=3058"}],"version-history":[{"count":64,"href":"https:\/\/www.divanhana.ba\/en\/wp-json\/wp\/v2\/pages\/3058\/revisions"}],"predecessor-version":[{"id":29119,"href":"https:\/\/www.divanhana.ba\/en\/wp-json\/wp\/v2\/pages\/3058\/revisions\/29119"}],"wp:attachment":[{"href":"https:\/\/www.divanhana.ba\/en\/wp-json\/wp\/v2\/media?parent=3058"}],"curies":[{"name":"wp","href":"https:\/\/api.w.org\/{rel}","templated":true}]}}